{"id":5372,"date":"2023-03-16T15:00:35","date_gmt":"2023-03-16T14:00:35","guid":{"rendered":"https:\/\/encyklopedia.mielec.pl\/?page_id=5372"},"modified":"2023-03-16T15:04:58","modified_gmt":"2023-03-16T14:04:58","slug":"wykaz-skrotow","status":"publish","type":"page","link":"https:\/\/encyklopedia.mielec.pl\/?page_id=5372","title":{"rendered":"Wykaz skr\u00f3t\u00f3w"},"content":{"rendered":"<p>AK &#8211; Armia Krajowa<\/p>\r\n<p><!-- \/wp:post-content -->\r\n\r\n<!-- wp:paragraph --><\/p>\r\n<p>al. &#8211; aleja<\/p>\r\n<p><!-- \/wp:paragraph -->\r\n\r\n<!-- wp:paragraph --><\/p>\r\n<p>AM &#8211; Aeroklub Mielecki<\/p>\r\n<p><!-- \/wp:paragraph -->\r\n\r\n<!-- wp:paragraph --><\/p>\r\n<p>ARP &#8211; Agencja Rozwoju Przemys\u0142u<\/p>\r\n<p><!-- \/wp:paragraph -->\r\n\r\n<!-- wp:paragraph --><\/p>\r\n<p>ARR &#8211; Agencja Rozwoju Regionalnego<\/p>\r\n<p><!-- \/wp:paragraph -->\r\n\r\n<!-- wp:paragraph --><\/p>\r\n<p>AWF &#8211; Akademia Wychowania Fizycznego<\/p>\r\n<p><!-- \/wp:paragraph -->\r\n\r\n<!-- wp:paragraph --><\/p>\r\n<p>AWS &#8211; Akcja Wyborcza Solidarno\u015b\u0107<\/p>\r\n<p><!-- \/wp:paragraph -->\r\n\r\n<!-- wp:paragraph --><\/p>\r\n<p>BCh &#8211; Bataliony Ch\u0142opskie<\/p>\r\n<p><!-- \/wp:paragraph -->\r\n\r\n<!-- wp:paragraph --><\/p>\r\n<p>b\u0142. &#8211; b\u0142ogos\u0142awiony<\/p>\r\n<p><!-- \/wp:paragraph -->\r\n\r\n<!-- wp:paragraph --><\/p>\r\n<p>c.k. &#8211; cesarsko-kr\u00f3lewski<\/p>\r\n<p><!-- \/wp:paragraph -->\r\n\r\n<!-- wp:paragraph --><\/p>\r\n<p>dr &#8211; doktor<\/p>\r\n<p><!-- \/wp:paragraph -->\r\n\r\n<!-- wp:paragraph --><\/p>\r\n<p>ds &#8211; do spraw<\/p>\r\n<p><!-- \/wp:paragraph -->\r\n\r\n<!-- wp:paragraph --><\/p>\r\n<p>EC &#8211; expositorum canonicale (odznaczenie duchownego)<\/p>\r\n<p><!-- \/wp:paragraph -->\r\n\r\n<!-- wp:paragraph --><\/p>\r\n<p>FJN &#8211; Front Jedno\u015bci Narodu<\/p>\r\n<p><!-- \/wp:paragraph -->\r\n\r\n<!-- wp:paragraph --><\/p>\r\n<p>gen. &#8211; genera\u0142<\/p>\r\n<p><!-- \/wp:paragraph -->\r\n\r\n<!-- wp:paragraph --><\/p>\r\n<p>HDK &#8211; Honorowi Dawcy Krwi<\/p>\r\n<p><!-- \/wp:paragraph -->\r\n\r\n<!-- wp:paragraph --><\/p>\r\n<p>HMP &#8211; Halowe Mistrzostwa Polski<\/p>\r\n<p><!-- \/wp:paragraph -->\r\n\r\n<!-- wp:paragraph --><\/p>\r\n<p>hr. &#8211; hrabia &#8211;<\/p>\r\n<p><!-- \/wp:paragraph -->\r\n\r\n<!-- wp:paragraph --><\/p>\r\n<p>im. &#8211; imi\u0119<\/p>\r\n<p><!-- \/wp:paragraph -->\r\n\r\n<!-- wp:paragraph --><\/p>\r\n<p>in\u017c. &#8211; in\u017cynier<\/p>\r\n<p><!-- \/wp:paragraph -->\r\n\r\n<!-- wp:paragraph --><\/p>\r\n<p>JW &#8211; Jednostka Wojskowa<\/p>\r\n<p><!-- \/wp:paragraph -->\r\n\r\n<!-- wp:paragraph --><\/p>\r\n<p>k\/ &#8211; ko\u0142o<\/p>\r\n<p><!-- \/wp:paragraph -->\r\n\r\n<!-- wp:paragraph --><\/p>\r\n<p>kg &#8211; kilogram<\/p>\r\n<p><!-- \/wp:paragraph -->\r\n\r\n<!-- wp:paragraph --><\/p>\r\n<p>KGW &#8211; Ko\u0142o Gospody\u0144 Wiejskich<\/p>\r\n<p><!-- \/wp:paragraph -->\r\n\r\n<!-- wp:paragraph --><\/p>\r\n<p>km &#8211; kilometr\u00a0<\/p>\r\n<p><!-- \/wp:paragraph -->\r\n\r\n<!-- wp:paragraph --><\/p>\r\n<p>KOP &#8211; Korpus Ochrony Pogranicza<\/p>\r\n<p><!-- \/wp:paragraph -->\r\n\r\n<!-- wp:paragraph --><\/p>\r\n<p>kpt &#8211; kapitan<\/p>\r\n<p><!-- \/wp:paragraph -->\r\n\r\n<!-- wp:paragraph --><\/p>\r\n<p>ks. &#8211; ksi\u0105dz<\/p>\r\n<p><!-- \/wp:paragraph -->\r\n\r\n<!-- wp:paragraph --><\/p>\r\n<p>KTiR &#8211; Klub Techniki i Racjonalizacji<\/p>\r\n<p><!-- \/wp:paragraph -->\r\n\r\n<!-- wp:paragraph --><\/p>\r\n<p>LK &#8211; Liga Kobiet<\/p>\r\n<p><!-- \/wp:paragraph -->\r\n\r\n<!-- wp:paragraph --><\/p>\r\n<p>LMP &#8211; Letnie Mistrzostwa Polski<\/p>\r\n<p><!-- \/wp:paragraph -->\r\n\r\n<!-- wp:paragraph --><\/p>\r\n<p>LOK &#8211; Liga Obrony Kraju<\/p>\r\n<p><!-- \/wp:paragraph -->\r\n\r\n<!-- wp:paragraph --><\/p>\r\n<p>LPR &#8211; Liga Polskich Rodzin<\/p>\r\n<p><!-- \/wp:paragraph -->\r\n\r\n<!-- wp:paragraph --><\/p>\r\n<p>LP\u017b &#8211; Liga Przyjaci\u00f3\u0142 \u017bo\u0142nierza<\/p>\r\n<p><!-- \/wp:paragraph -->\r\n\r\n<!-- wp:paragraph --><\/p>\r\n<p>m &#8211; metr<\/p>\r\n<p><!-- \/wp:paragraph -->\r\n\r\n<!-- wp:paragraph --><\/p>\r\n<p>mgr &#8211; magister<\/p>\r\n<p><!-- \/wp:paragraph -->\r\n\r\n<!-- wp:paragraph --><\/p>\r\n<p>MHD &#8211; Miejski Handel Detaliczny<\/p>\r\n<p><!-- \/wp:paragraph -->\r\n\r\n<!-- wp:paragraph --><\/p>\r\n<p>min. &#8211; minister<\/p>\r\n<p><!-- \/wp:paragraph -->\r\n\r\n<!-- wp:paragraph --><\/p>\r\n<p>m.in. &#8211; mi\u0119dzy innymi<\/p>\r\n<p><!-- \/wp:paragraph -->\r\n\r\n<!-- wp:paragraph --><\/p>\r\n<p>mjr &#8211; major<\/p>\r\n<p><!-- \/wp:paragraph -->\r\n\r\n<!-- wp:paragraph --><\/p>\r\n<p>MARR &#8211; Mielecka Agencja Rozwoju Regionalnego<\/p>\r\n<p><!-- \/wp:paragraph -->\r\n\r\n<!-- wp:paragraph --><\/p>\r\n<p>MKS &#8211; Miejska Komunikacja Samochodowa<\/p>\r\n<p><!-- \/wp:paragraph -->\r\n\r\n<!-- wp:paragraph --><\/p>\r\n<p>MO &#8211; Milicja Obywatelska<\/p>\r\n<p><!-- \/wp:paragraph -->\r\n\r\n<!-- wp:paragraph --><\/p>\r\n<p>MOSiR &#8211; Miejski O\u015brodek Sportu i Rekreacji<\/p>\r\n<p><!-- \/wp:paragraph -->\r\n\r\n<!-- wp:paragraph --><\/p>\r\n<p>MP &#8211; Mistrzostwa Polski<\/p>\r\n<p><!-- \/wp:paragraph -->\r\n\r\n<!-- wp:paragraph --><\/p>\r\n<p>MPB &#8211; Mieleckie Przedsi\u0119biorstwo Budowlane<\/p>\r\n<p><!-- \/wp:paragraph -->\r\n\r\n<!-- wp:paragraph --><\/p>\r\n<p>MPEC &#8211; Miejskie Przedsi\u0119biorstwo Energetyki Cieplnej<\/p>\r\n<p><!-- \/wp:paragraph -->\r\n\r\n<!-- wp:paragraph --><\/p>\r\n<p>MPGK &#8211; Miejskie Przedsi\u0119biorstwo Gospodarki Komunalnej<\/p>\r\n<p><!-- \/wp:paragraph -->\r\n\r\n<!-- wp:paragraph --><\/p>\r\n<p>MPM &#8211; Ministerstwo Przemys\u0142u Maszynowego<\/p>\r\n<p><!-- \/wp:paragraph -->\r\n\r\n<!-- wp:paragraph --><\/p>\r\n<p>MZBM &#8211; Miejski Zarz\u0105d Budynk\u00f3w Mieszkalnych\u00a0<\/p>\r\n<p><!-- \/wp:paragraph -->\r\n\r\n<!-- wp:paragraph --><\/p>\r\n<p>NK &#8211; Naczelny Komitet<\/p>\r\n<p><!-- \/wp:paragraph -->\r\n\r\n<!-- wp:paragraph --><\/p>\r\n<p>NKWD &#8211; Narodnyj komissariat wnutriennich die\u0142 (Ludowy Komisariat Spraw Wewn\u0119trznych)<\/p>\r\n<p><!-- \/wp:paragraph -->\r\n\r\n<!-- wp:paragraph --><\/p>\r\n<p>NSZZ &#8211; Niezale\u017cny Samorz\u0105dny Zwi\u0105zek Zawodowy<\/p>\r\n<p><!-- \/wp:paragraph -->\r\n\r\n<!-- wp:paragraph --><\/p>\r\n<p>O\/ &#8211; Oddzia\u0142<\/p>\r\n<p><!-- \/wp:paragraph -->\r\n\r\n<!-- wp:paragraph --><\/p>\r\n<p>OBR SK &#8211; O\u015brodek Bada\u0144 Rozwojowych Sprz\u0119tu Komunikacyjnego<\/p>\r\n<p><!-- \/wp:paragraph -->\r\n\r\n<!-- wp:paragraph --><\/p>\r\n<p>OOP &#8211; Order Odrodzenia Polski<\/p>\r\n<p><!-- \/wp:paragraph -->\r\n\r\n<!-- wp:paragraph --><\/p>\r\n<p>ORMO &#8211; Ochotnicza Rezerwa Milicji Obywatelskiej<\/p>\r\n<p><!-- \/wp:paragraph -->\r\n\r\n<!-- wp:paragraph --><\/p>\r\n<p>OSM &#8211; Og\u00f3lnopolska Spartakiada M\u0142odzie\u017cy<\/p>\r\n<p><!-- \/wp:paragraph -->\r\n\r\n<!-- wp:paragraph --><\/p>\r\n<p>OSP &#8211; Ochotnicza Stra\u017c Po\u017carna<\/p>\r\n<p><!-- \/wp:paragraph -->\r\n\r\n<!-- wp:paragraph --><\/p>\r\n<p>PC &#8211; Porozumienie Centrum<\/p>\r\n<p><!-- \/wp:paragraph -->\r\n\r\n<!-- wp:paragraph --><\/p>\r\n<p>PCK &#8211; Polski Czerwony Krzy\u017c<\/p>\r\n<p><!-- \/wp:paragraph -->\r\n\r\n<!-- wp:paragraph --><\/p>\r\n<p>PCRz &#8211; Powiatowy Cech Rzemie\u015blniczy<\/p>\r\n<p><!-- \/wp:paragraph -->\r\n\r\n<!-- wp:paragraph --><\/p>\r\n<p>PGO &#8211; Pa\u0144stwowe Gospodarstwo Ogrodnicze<\/p>\r\n<p><!-- \/wp:paragraph -->\r\n\r\n<!-- wp:paragraph --><\/p>\r\n<p>PiMBP &#8211; Powiatowa i Miejska Biblioteka Publiczna\u00a0<\/p>\r\n<p><!-- \/wp:paragraph -->\r\n\r\n<!-- wp:paragraph --><\/p>\r\n<p>p\u0142k &#8211; pu\u0142kownik<\/p>\r\n<p><!-- \/wp:paragraph -->\r\n\r\n<!-- wp:paragraph --><\/p>\r\n<p>POD &#8211; Pracownicze Ogrody Dzia\u0142kowe<\/p>\r\n<p><!-- \/wp:paragraph -->\r\n\r\n<!-- wp:paragraph --><\/p>\r\n<p>por. &#8211; porucznik<\/p>\r\n<p><!-- \/wp:paragraph -->\r\n\r\n<!-- wp:paragraph --><\/p>\r\n<p>pow. &#8211; powiat<\/p>\r\n<p><!-- \/wp:paragraph -->\r\n\r\n<!-- wp:paragraph --><\/p>\r\n<p>pp &#8211; pu\u0142k piechoty<\/p>\r\n<p><!-- \/wp:paragraph -->\r\n\r\n<!-- wp:paragraph --><\/p>\r\n<p>pp\u0142k &#8211; podpu\u0142kownik<\/p>\r\n<p><!-- \/wp:paragraph -->\r\n\r\n<!-- wp:paragraph --><\/p>\r\n<p>PPR &#8211; Polska Partia Robotnicza<\/p>\r\n<p><!-- \/wp:paragraph -->\r\n\r\n<!-- wp:paragraph --><\/p>\r\n<p>PPRN &#8211; Prezydium Powiatowej Rady Narodowej<\/p>\r\n<p><!-- \/wp:paragraph -->\r\n\r\n<!-- wp:paragraph --><\/p>\r\n<p>PPS &#8211; Polska Partia Socjalistyczna<\/p>\r\n<p><!-- \/wp:paragraph -->\r\n\r\n<!-- wp:paragraph --><\/p>\r\n<p>PRL &#8211; Polska Rzeczpospolita Ludowa<\/p>\r\n<p><!-- \/wp:paragraph -->\r\n\r\n<!-- wp:paragraph --><\/p>\r\n<p>PRN &#8211; Powiatowa Rada Narodowa<\/p>\r\n<p><!-- \/wp:paragraph -->\r\n\r\n<!-- wp:paragraph --><\/p>\r\n<p>prof. &#8211; profesor<\/p>\r\n<p><!-- \/wp:paragraph -->\r\n\r\n<!-- wp:paragraph --><\/p>\r\n<p>ps. &#8211; pseudonim<\/p>\r\n<p><!-- \/wp:paragraph -->\r\n\r\n<!-- wp:paragraph --><\/p>\r\n<p>PSL &#8211; Polskie Stronnictwo Ludowe<\/p>\r\n<p><!-- \/wp:paragraph -->\r\n\r\n<!-- wp:paragraph --><\/p>\r\n<p>PSS &#8211; Powszechna Sp\u00f3\u0142dzielnia Spo\u017cywc\u00f3w<\/p>\r\n<p><!-- \/wp:paragraph -->\r\n\r\n<!-- wp:paragraph --><\/p>\r\n<p>PTE &#8211; Polskie Towarzystwo Ekonomiczne<\/p>\r\n<p><!-- \/wp:paragraph -->\r\n\r\n<!-- wp:paragraph --><\/p>\r\n<p>PTL &#8211; Polskie Towarzystwo Lekarskie<\/p>\r\n<p><!-- \/wp:paragraph -->\r\n\r\n<!-- wp:paragraph --><\/p>\r\n<p>PTTK &#8211; Polskie Towarzystwo Turystyczno &#8211; Krajoznawcze<\/p>\r\n<p><!-- \/wp:paragraph -->\r\n\r\n<!-- wp:paragraph --><\/p>\r\n<p>PW &#8211; przysposobienie wojskowe<\/p>\r\n<p><!-- \/wp:paragraph -->\r\n\r\n<!-- wp:paragraph --><\/p>\r\n<p>PZChiO &#8211; Polski Zwi\u0105zek Ch\u00f3r\u00f3w i Orkiestr<\/p>\r\n<p><!-- \/wp:paragraph -->\r\n\r\n<!-- wp:paragraph --><\/p>\r\n<p>PZGS &#8211; Powiatowy Zwi\u0105zek Gminnych Sp\u00f3\u0142dzielni<\/p>\r\n<p><!-- \/wp:paragraph -->\r\n\r\n<!-- wp:paragraph --><\/p>\r\n<p>PZKR &#8211; Powiatowy Zwi\u0105zek K\u00f3\u0142ek Rolniczych<\/p>\r\n<p><!-- \/wp:paragraph -->\r\n\r\n<!-- wp:paragraph --><\/p>\r\n<p>PZL &#8211; Polskie Zak\u0142ady Lotnicze<\/p>\r\n<p><!-- \/wp:paragraph -->\r\n\r\n<!-- wp:paragraph --><\/p>\r\n<p>PZPR &#8211; Polska Zjednoczona Partia Robotnicza<\/p>\r\n<p><!-- \/wp:paragraph -->\r\n\r\n<!-- wp:paragraph --><\/p>\r\n<p>r. &#8211; rok<\/p>\r\n<p><!-- \/wp:paragraph -->\r\n\r\n<!-- wp:paragraph --><\/p>\r\n<p>RCK &#8211; Robotnicze Centrum Kultury<\/p>\r\n<p><!-- \/wp:paragraph -->\r\n\r\n<!-- wp:paragraph --><\/p>\r\n<p>RM &#8211; rokieta i mantolet (odznaczenie duchownego)<\/p>\r\n<p><!-- \/wp:paragraph -->\r\n\r\n<!-- wp:paragraph --><\/p>\r\n<p>ROCh &#8211; Ruch Oporu Ch\u0142opskiego<\/p>\r\n<p><!-- \/wp:paragraph -->\r\n\r\n<!-- wp:paragraph --><\/p>\r\n<p>RP &#8211; Rzeczpospolita Polska<\/p>\r\n<p><!-- \/wp:paragraph -->\r\n\r\n<!-- wp:paragraph --><\/p>\r\n<p>S.A. &#8211; Sp\u00f3\u0142ka Akcyjna<\/p>\r\n<p><!-- \/wp:paragraph -->\r\n\r\n<!-- wp:paragraph --><\/p>\r\n<p>SBP &#8211; Stowarzyszenie Bibliotekarzy Polskich<\/p>\r\n<p><!-- \/wp:paragraph -->\r\n\r\n<!-- wp:paragraph --><\/p>\r\n<p>SC &#8211; Sp\u00f3\u0142ka Cywilna<\/p>\r\n<p><!-- \/wp:paragraph -->\r\n\r\n<!-- wp:paragraph --><\/p>\r\n<p>SCK &#8211; Samorz\u0105dowe Centrum Kultury<\/p>\r\n<p><!-- \/wp:paragraph -->\r\n\r\n<!-- wp:paragraph --><\/p>\r\n<p>SDK &#8211; Sp\u00f3\u0142dzielczy Dom Kultury<\/p>\r\n<p><!-- \/wp:paragraph -->\r\n\r\n<!-- wp:paragraph --><\/p>\r\n<p>SEP &#8211; Stowarzyszenie Elektryk\u00f3w Polskich<\/p>\r\n<p><!-- \/wp:paragraph -->\r\n\r\n<!-- wp:paragraph --><\/p>\r\n<p>SGP &#8211; Stowarzyszenie Geodet\u00f3w Polskich<\/p>\r\n<p><!-- \/wp:paragraph -->\r\n\r\n<!-- wp:paragraph --><\/p>\r\n<p>SIMP &#8211; Stowarzyszenie In\u017cynier\u00f3w i Technik\u00f3w Mechanik\u00f3w Polskich<\/p>\r\n<p><!-- \/wp:paragraph -->\r\n\r\n<!-- wp:paragraph --><\/p>\r\n<p>sp. z o.o. &#8211; sp\u00f3\u0142ka z ograniczon\u0105 odpowiedzialno\u015bci\u0105<\/p>\r\n<p><!-- \/wp:paragraph -->\r\n\r\n<!-- wp:paragraph --><\/p>\r\n<p>SSE &#8211; Specjalna Strefa Ekonomiczna<\/p>\r\n<p><!-- \/wp:paragraph -->\r\n\r\n<!-- wp:paragraph --><\/p>\r\n<p>\u015bw. &#8211; \u015bwi\u0119ty<\/p>\r\n<p><!-- \/wp:paragraph -->\r\n\r\n<!-- wp:paragraph --><\/p>\r\n<p>TKKF &#8211; Towarzystwo Krzewienia Kultury Fizycznej<\/p>\r\n<p><!-- \/wp:paragraph -->\r\n\r\n<!-- wp:paragraph --><\/p>\r\n<p>TMZM &#8211; Towarzystwo Mi\u0142o\u015bnik\u00f3w Ziemi Mieleckiej<\/p>\r\n<p><!-- \/wp:paragraph -->\r\n\r\n<!-- wp:paragraph --><\/p>\r\n<p>TNOiK &#8211; Towarzystwo Naukowe Organizacji i Kierownictwa<\/p>\r\n<p><!-- \/wp:paragraph -->\r\n\r\n<!-- wp:paragraph --><\/p>\r\n<p>TON &#8211; Tajna Organizacja Nauczycielska<\/p>\r\n<p><!-- \/wp:paragraph -->\r\n\r\n<!-- wp:paragraph --><\/p>\r\n<p>TPD &#8211; Towarzystwo Przyjaci\u00f3\u0142 Dzieci<\/p>\r\n<p><!-- \/wp:paragraph -->\r\n\r\n<!-- wp:paragraph --><\/p>\r\n<p>TPPR &#8211; Towarzystwo Przyja\u017ani Polsko &#8211; Radzieckiej<\/p>\r\n<p><!-- \/wp:paragraph -->\r\n\r\n<!-- wp:paragraph --><\/p>\r\n<p>UB &#8211; Urz\u0105d Bezpiecze\u0144stwa<\/p>\r\n<p><!-- \/wp:paragraph -->\r\n\r\n<!-- wp:paragraph --><\/p>\r\n<p>ul. &#8211; ulica<\/p>\r\n<p><!-- \/wp:paragraph -->\r\n\r\n<!-- wp:paragraph --><\/p>\r\n<p>w. &#8211; wiek<\/p>\r\n<p><!-- \/wp:paragraph -->\r\n\r\n<!-- wp:paragraph --><\/p>\r\n<p>wg &#8211; wed\u0142ug<\/p>\r\n<p><!-- \/wp:paragraph -->\r\n\r\n<!-- wp:paragraph --><\/p>\r\n<p>WiMBP &#8211; Wojew\u00f3dzka i Miejska Biblioteka Publiczna<\/p>\r\n<p><!-- \/wp:paragraph -->\r\n\r\n<!-- wp:paragraph --><\/p>\r\n<p>woj. &#8211; wojew\u00f3dztwo<\/p>\r\n<p><!-- \/wp:paragraph -->\r\n\r\n<!-- wp:paragraph --><\/p>\r\n<p>WP &#8211; Wojsko Polskie<\/p>\r\n<p><!-- \/wp:paragraph -->\r\n\r\n<!-- wp:paragraph --><\/p>\r\n<p>WSK &#8211; Wytw\u00f3rnia Sprz\u0119tu Komunikacyjnego<\/p>\r\n<p><!-- \/wp:paragraph -->\r\n\r\n<!-- wp:paragraph --><\/p>\r\n<p>ZBoWiD &#8211; Zwi\u0105zek Bojownik\u00f3w o Wolno\u015b\u0107 i Demokracj\u0119<\/p>\r\n<p><!-- \/wp:paragraph -->\r\n\r\n<!-- wp:paragraph --><\/p>\r\n<p>ZHP &#8211; Zwi\u0105zek Harcerstwa Polskiego<\/p>\r\n<p><!-- \/wp:paragraph -->\r\n\r\n<!-- wp:paragraph --><\/p>\r\n<p>ZHR &#8211; Zwi\u0105zek Harcerstwa Rzeczpospolitej<\/p>\r\n<p><!-- \/wp:paragraph -->\r\n\r\n<!-- wp:paragraph --><\/p>\r\n<p>ZIW &#8211; Zwi\u0105zek Inwalid\u00f3w Wojennych<\/p>\r\n<p><!-- \/wp:paragraph -->\r\n\r\n<!-- wp:paragraph --><\/p>\r\n<p>ZMP &#8211; Zwi\u0105zek M\u0142odzie\u017cy Polskiej<\/p>\r\n<p><!-- \/wp:paragraph -->\r\n\r\n<!-- wp:paragraph --><\/p>\r\n<p>ZMS &#8211; Zwi\u0105zek M\u0142odzie\u017cy Socjalistycznej<\/p>\r\n<p><!-- \/wp:paragraph -->\r\n\r\n<!-- wp:paragraph --><\/p>\r\n<p>ZMW &#8211; Zwi\u0105zek M\u0142odzie\u017cy Wiejskiej<\/p>\r\n<p><!-- \/wp:paragraph -->\r\n\r\n<!-- wp:paragraph --><\/p>\r\n<p>ZNP &#8211; Zwi\u0105zek Nauczycielstwa Polskiego<\/p>\r\n<p><!-- \/wp:paragraph -->\r\n\r\n<!-- wp:paragraph --><\/p>\r\n<p>ZO &#8211; Zarz\u0105d Oddzia\u0142u<\/p>\r\n<p><!-- \/wp:paragraph -->\r\n\r\n<!-- wp:paragraph --><\/p>\r\n<p>ZOZ &#8211; Zesp\u00f3\u0142 Opieki Zdrowotnej<\/p>\r\n<p><!-- \/wp:paragraph -->\r\n\r\n<!-- wp:paragraph --><\/p>\r\n<p>ZSL &#8211; Zjednoczone Stronnictwo Ludowe<\/p>\r\n<p><!-- \/wp:paragraph -->\r\n\r\n<!-- wp:paragraph --><\/p>\r\n<p>ZSMW &#8211; Zwi\u0105zek Socjalistycznej M\u0142odzie\u017cy Wiejskiej<\/p>\r\n<p><!-- \/wp:paragraph -->\r\n\r\n<!-- wp:paragraph --><\/p>\r\n<p>ZSRR &#8211; Zwi\u0105zek Socjalistycznych Republik Radzieckich<\/p>\r\n<p><!-- \/wp:paragraph -->\r\n\r\n<!-- wp:paragraph --><\/p>\r\n<p>ZWM &#8211; Zwi\u0105zek Walki M\u0142odych<\/p>\r\n<p><!-- \/wp:paragraph -->\r\n\r\n<!-- wp:paragraph --><\/p>\r\n<p>ZWZ &#8211; Zwi\u0105zek Walki Zbrojnej<\/p>\r\n<p>&nbsp;<\/p>","protected":false},"excerpt":{"rendered":"<p>AK &#8211; Armia Krajowa al. &#8211; aleja AM &#8211; Aeroklub Mielecki ARP &#8211; Agencja Rozwoju Przemys\u0142u ARR &#8211; Agencja Rozwoju Regionalnego AWF &#8211; Akademia Wychowania Fizycznego AWS &#8211; Akcja Wyborcza Solidarno\u015b\u0107 BCh &#8211; Bataliony Ch\u0142opskie b\u0142. &#8211; b\u0142ogos\u0142awiony c.k. &#8211; cesarsko-kr\u00f3lewski dr &#8211; doktor ds &#8211; do spraw EC &#8211; expositorum canonicale (odznaczenie duchownego) FJN [&hellip;]<\/p>\n","protected":false},"author":1,"featured_media":0,"parent":0,"menu_order":0,"comment_status":"closed","ping_status":"closed","template":"","meta":{"footnotes":""},"class_list":["post-5372","page","type-page","status-publish","hentry"],"_links":{"self":[{"href":"https:\/\/encyklopedia.mielec.pl\/index.php?rest_route=\/wp\/v2\/pages\/5372","targetHints":{"allow":["GET"]}}],"collection":[{"href":"https:\/\/encyklopedia.mielec.pl\/index.php?rest_route=\/wp\/v2\/pages"}],"about":[{"href":"https:\/\/encyklopedia.mielec.pl\/index.php?rest_route=\/wp\/v2\/types\/page"}],"author":[{"embeddable":true,"href":"https:\/\/encyklopedia.mielec.pl\/index.php?rest_route=\/wp\/v2\/users\/1"}],"replies":[{"embeddable":true,"href":"https:\/\/encyklopedia.mielec.pl\/index.php?rest_route=%2Fwp%2Fv2%2Fcomments&post=5372"}],"version-history":[{"count":0,"href":"https:\/\/encyklopedia.mielec.pl\/index.php?rest_route=\/wp\/v2\/pages\/5372\/revisions"}],"wp:attachment":[{"href":"https:\/\/encyklopedia.mielec.pl\/index.php?rest_route=%2Fwp%2Fv2%2Fmedia&parent=5372"}],"curies":[{"name":"wp","href":"https:\/\/api.w.org\/{rel}","templated":true}]}}